{"id":140,"date":"2022-10-12T09:56:50","date_gmt":"2022-10-12T09:56:50","guid":{"rendered":"https:\/\/www.quartier56.com\/?page_id=140"},"modified":"2023-01-13T11:45:14","modified_gmt":"2023-01-13T11:45:14","slug":"gemeinschaftsraeume","status":"publish","type":"page","link":"https:\/\/www.quartier56.com\/en\/gemeinschaftsraeume\/","title":{"rendered":"Common areas"},"content":{"rendered":"<div data-elementor-type=\"wp-page\" data-elementor-id=\"140\" class=\"elementor elementor-140\" data-elementor-settings=\"{&quot;ha_cmc_init_switcher&quot;:&quot;no&quot;}\" data-elementor-post-type=\"page\">\n\t\t\t\t\t\t<section class=\"elementor-section elementor-top-section elementor-element elementor-element-2658cea elementor-section-content-middle elementor-section-boxed elementor-section-height-default elementor-section-height-default\" data-id=\"2658cea\" data-element_type=\"section\" data-settings=\"{&quot;_ha_eqh_enable&quot;:false}\">\n\t\t\t\t\t\t<div class=\"elementor-container elementor-column-gap-wider\">\n\t\t\t\t\t<div class=\"elementor-column elementor-col-100 elementor-top-column elementor-element elementor-element-adb5422\" data-id=\"adb5422\" data-element_type=\"column\">\n\t\t\t<div class=\"elementor-widget-wrap elementor-element-populated\">\n\t\t\t\t\t\t<div class=\"elementor-element elementor-element-ddb16ca elementor-widget elementor-widget-heading\" data-id=\"ddb16ca\" data-element_type=\"widget\" data-widget_type=\"heading.default\">\n\t\t\t\t<div class=\"elementor-widget-container\">\n\t\t\t\t\t<h1 class=\"elementor-heading-title elementor-size-default\">Common areas<\/h1>\t\t\t\t<\/div>\n\t\t\t\t<\/div>\n\t\t\t\t<div class=\"elementor-element elementor-element-2cb5a24 elementor-widget elementor-widget-text-editor\" data-id=\"2cb5a24\" data-element_type=\"widget\" data-widget_type=\"text-editor.default\">\n\t\t\t\t<div class=\"elementor-widget-container\">\n\t\t\t\t\t\t\t\t\tThe bathroom\/restroom as well as the kitchen are shared by all members of the group. The open and friendly kitchen is equipped with fridges, cooker and oven, exhaust hood as well as cupboards for the personal belongings.\t\t\t\t\t\t\t\t<\/div>\n\t\t\t\t<\/div>\n\t\t\t\t<div class=\"elementor-element elementor-element-e6d48a0 elementor-widget elementor-widget-button\" data-id=\"e6d48a0\" data-element_type=\"widget\" data-widget_type=\"button.default\">\n\t\t\t\t<div class=\"elementor-widget-container\">\n\t\t\t\t\t\t\t\t\t<div class=\"elementor-button-wrapper\">\n\t\t\t\t\t<a class=\"elementor-button elementor-button-link elementor-size-sm\" href=\"https:\/\/www.quartier56.com\/en\/zimmer\/\">\n\t\t\t\t\t\t<span class=\"elementor-button-content-wrapper\">\n\t\t\t\t\t\t\t\t\t<span class=\"elementor-button-text\">To the rooms<\/span>\n\t\t\t\t\t<\/span>\n\t\t\t\t\t<\/a>\n\t\t\t\t<\/div>\n\t\t\t\t\t\t\t\t<\/div>\n\t\t\t\t<\/div>\n\t\t\t\t\t<\/div>\n\t\t<\/div>\n\t\t\t\t\t<\/div>\n\t\t<\/section>\n\t\t\t\t<section class=\"elementor-section elementor-top-section elementor-element elementor-element-da264d5 elementor-section-full_width elementor-section-height-default elementor-section-height-default\" data-id=\"da264d5\" data-element_type=\"section\" data-settings=\"{&quot;_ha_eqh_enable&quot;:false}\">\n\t\t\t\t\t\t<div class=\"elementor-container elementor-column-gap-wider\">\n\t\t\t\t\t<div class=\"elementor-column elementor-col-100 elementor-top-column elementor-element elementor-element-4265a8a\" data-id=\"4265a8a\" data-element_type=\"column\">\n\t\t\t<div class=\"elementor-widget-wrap elementor-element-populated\">\n\t\t\t\t\t\t<div class=\"elementor-element elementor-element-b2c4425 elementor-widget elementor-widget-gallery\" data-id=\"b2c4425\" data-element_type=\"widget\" data-settings=\"{&quot;columns&quot;:5,&quot;aspect_ratio&quot;:&quot;4:3&quot;,&quot;lazyload&quot;:&quot;yes&quot;,&quot;gallery_layout&quot;:&quot;grid&quot;,&quot;columns_tablet&quot;:2,&quot;columns_mobile&quot;:1,&quot;gap&quot;:{&quot;unit&quot;:&quot;px&quot;,&quot;size&quot;:10,&quot;sizes&quot;:[]},&quot;gap_tablet&quot;:{&quot;unit&quot;:&quot;px&quot;,&quot;size&quot;:10,&quot;sizes&quot;:[]},&quot;gap_mobile&quot;:{&quot;unit&quot;:&quot;px&quot;,&quot;size&quot;:10,&quot;sizes&quot;:[]},&quot;link_to&quot;:&quot;file&quot;,&quot;overlay_background&quot;:&quot;yes&quot;,&quot;content_hover_animation&quot;:&quot;fade-in&quot;}\" data-widget_type=\"gallery.default\">\n\t\t\t\t<div class=\"elementor-widget-container\">\n\t\t\t\t\t\t\t<div class=\"elementor-gallery__container\">\n\t\t\t\t\t\t\t<a class=\"e-gallery-item elementor-gallery-item elementor-animated-content\" href=\"https:\/\/www.quartier56.com\/wp-content\/uploads\/2022\/11\/quatier56-bilder-035-scaled.jpg\" data-elementor-open-lightbox=\"yes\" data-elementor-lightbox-slideshow=\"b2c4425\" data-elementor-lightbox-title=\"quatier56-bilder-035\" data-e-action-hash=\"#elementor-action%3Aaction%3Dlightbox%26settings%3DeyJpZCI6NDUyLCJ1cmwiOiJodHRwczpcL1wvd3d3LnF1YXJ0aWVyNTYuY29tXC93cC1jb250ZW50XC91cGxvYWRzXC8yMDIyXC8xMVwvcXVhdGllcjU2LWJpbGRlci0wMzUtc2NhbGVkLmpwZyIsInNsaWRlc2hvdyI6ImIyYzQ0MjUifQ%3D%3D\">\n\t\t\t\t\t<div class=\"e-gallery-image elementor-gallery-item__image\" data-thumbnail=\"https:\/\/www.quartier56.com\/wp-content\/uploads\/2022\/11\/quatier56-bilder-035-scaled.jpg\" data-width=\"1920\" data-height=\"2560\" aria-label=\"\" role=\"img\" ><\/div>\n\t\t\t\t\t\t\t\t\t\t\t<div class=\"elementor-gallery-item__overlay\"><\/div>\n\t\t\t\t\t\t\t\t\t\t\t\t\t\t<\/a>\n\t\t\t\t\t\t\t<a class=\"e-gallery-item elementor-gallery-item elementor-animated-content\" href=\"https:\/\/www.quartier56.com\/wp-content\/uploads\/2022\/11\/quatier56-bilder-013.jpg\" data-elementor-open-lightbox=\"yes\" data-elementor-lightbox-slideshow=\"b2c4425\" data-elementor-lightbox-title=\"quatier56-bilder-013\" data-e-action-hash=\"#elementor-action%3Aaction%3Dlightbox%26settings%3DeyJpZCI6NDI5LCJ1cmwiOiJodHRwczpcL1wvd3d3LnF1YXJ0aWVyNTYuY29tXC93cC1jb250ZW50XC91cGxvYWRzXC8yMDIyXC8xMVwvcXVhdGllcjU2LWJpbGRlci0wMTMuanBnIiwic2xpZGVzaG93IjoiYjJjNDQyNSJ9\">\n\t\t\t\t\t<div class=\"e-gallery-image elementor-gallery-item__image\" data-thumbnail=\"https:\/\/www.quartier56.com\/wp-content\/uploads\/2022\/11\/quatier56-bilder-013.jpg\" data-width=\"2300\" data-height=\"1533\" aria-label=\"\" role=\"img\" ><\/div>\n\t\t\t\t\t\t\t\t\t\t\t<div class=\"elementor-gallery-item__overlay\"><\/div>\n\t\t\t\t\t\t\t\t\t\t\t\t\t\t<\/a>\n\t\t\t\t\t\t\t<a class=\"e-gallery-item elementor-gallery-item elementor-animated-content\" href=\"https:\/\/www.quartier56.com\/wp-content\/uploads\/2022\/11\/quatier56-bilder-021-scaled.jpg\" data-elementor-open-lightbox=\"yes\" data-elementor-lightbox-slideshow=\"b2c4425\" data-elementor-lightbox-title=\"quatier56-bilder-021\" data-e-action-hash=\"#elementor-action%3Aaction%3Dlightbox%26settings%3DeyJpZCI6NDM3LCJ1cmwiOiJodHRwczpcL1wvd3d3LnF1YXJ0aWVyNTYuY29tXC93cC1jb250ZW50XC91cGxvYWRzXC8yMDIyXC8xMVwvcXVhdGllcjU2LWJpbGRlci0wMjEtc2NhbGVkLmpwZyIsInNsaWRlc2hvdyI6ImIyYzQ0MjUifQ%3D%3D\">\n\t\t\t\t\t<div class=\"e-gallery-image elementor-gallery-item__image\" data-thumbnail=\"https:\/\/www.quartier56.com\/wp-content\/uploads\/2022\/11\/quatier56-bilder-021-scaled.jpg\" data-width=\"1707\" data-height=\"2560\" aria-label=\"\" role=\"img\" ><\/div>\n\t\t\t\t\t\t\t\t\t\t\t<div class=\"elementor-gallery-item__overlay\"><\/div>\n\t\t\t\t\t\t\t\t\t\t\t\t\t\t<\/a>\n\t\t\t\t\t\t\t<a class=\"e-gallery-item elementor-gallery-item elementor-animated-content\" href=\"https:\/\/www.quartier56.com\/wp-content\/uploads\/2022\/11\/quatier56-bilder-014-scaled.jpg\" data-elementor-open-lightbox=\"yes\" data-elementor-lightbox-slideshow=\"b2c4425\" data-elementor-lightbox-title=\"quatier56-bilder-014\" data-e-action-hash=\"#elementor-action%3Aaction%3Dlightbox%26settings%3DeyJpZCI6NDMwLCJ1cmwiOiJodHRwczpcL1wvd3d3LnF1YXJ0aWVyNTYuY29tXC93cC1jb250ZW50XC91cGxvYWRzXC8yMDIyXC8xMVwvcXVhdGllcjU2LWJpbGRlci0wMTQtc2NhbGVkLmpwZyIsInNsaWRlc2hvdyI6ImIyYzQ0MjUifQ%3D%3D\">\n\t\t\t\t\t<div class=\"e-gallery-image elementor-gallery-item__image\" data-thumbnail=\"https:\/\/www.quartier56.com\/wp-content\/uploads\/2022\/11\/quatier56-bilder-014-scaled.jpg\" data-width=\"1707\" data-height=\"2560\" aria-label=\"\" role=\"img\" ><\/div>\n\t\t\t\t\t\t\t\t\t\t\t<div class=\"elementor-gallery-item__overlay\"><\/div>\n\t\t\t\t\t\t\t\t\t\t\t\t\t\t<\/a>\n\t\t\t\t\t\t\t<a class=\"e-gallery-item elementor-gallery-item elementor-animated-content\" href=\"https:\/\/www.quartier56.com\/wp-content\/uploads\/2022\/11\/quatier56-bilder-023.jpg\" data-elementor-open-lightbox=\"yes\" data-elementor-lightbox-slideshow=\"b2c4425\" data-elementor-lightbox-title=\"quatier56-bilder-023\" data-e-action-hash=\"#elementor-action%3Aaction%3Dlightbox%26settings%3DeyJpZCI6NDM5LCJ1cmwiOiJodHRwczpcL1wvd3d3LnF1YXJ0aWVyNTYuY29tXC93cC1jb250ZW50XC91cGxvYWRzXC8yMDIyXC8xMVwvcXVhdGllcjU2LWJpbGRlci0wMjMuanBnIiwic2xpZGVzaG93IjoiYjJjNDQyNSJ9\">\n\t\t\t\t\t<div class=\"e-gallery-image elementor-gallery-item__image\" data-thumbnail=\"https:\/\/www.quartier56.com\/wp-content\/uploads\/2022\/11\/quatier56-bilder-023.jpg\" data-width=\"2300\" data-height=\"1533\" aria-label=\"\" role=\"img\" ><\/div>\n\t\t\t\t\t\t\t\t\t\t\t<div class=\"elementor-gallery-item__overlay\"><\/div>\n\t\t\t\t\t\t\t\t\t\t\t\t\t\t<\/a>\n\t\t\t\t\t\t\t<a class=\"e-gallery-item elementor-gallery-item elementor-animated-content\" href=\"https:\/\/www.quartier56.com\/wp-content\/uploads\/2022\/11\/quatier56-bilder-011.jpg\" data-elementor-open-lightbox=\"yes\" data-elementor-lightbox-slideshow=\"b2c4425\" data-elementor-lightbox-title=\"quatier56-bilder-011\" data-e-action-hash=\"#elementor-action%3Aaction%3Dlightbox%26settings%3DeyJpZCI6NDI3LCJ1cmwiOiJodHRwczpcL1wvd3d3LnF1YXJ0aWVyNTYuY29tXC93cC1jb250ZW50XC91cGxvYWRzXC8yMDIyXC8xMVwvcXVhdGllcjU2LWJpbGRlci0wMTEuanBnIiwic2xpZGVzaG93IjoiYjJjNDQyNSJ9\">\n\t\t\t\t\t<div class=\"e-gallery-image elementor-gallery-item__image\" data-thumbnail=\"https:\/\/www.quartier56.com\/wp-content\/uploads\/2022\/11\/quatier56-bilder-011.jpg\" data-width=\"2300\" data-height=\"1532\" aria-label=\"\" role=\"img\" ><\/div>\n\t\t\t\t\t\t\t\t\t\t\t<div class=\"elementor-gallery-item__overlay\"><\/div>\n\t\t\t\t\t\t\t\t\t\t\t\t\t\t<\/a>\n\t\t\t\t\t\t\t<a class=\"e-gallery-item elementor-gallery-item elementor-animated-content\" href=\"https:\/\/www.quartier56.com\/wp-content\/uploads\/2022\/11\/quatier56-bilder-019.jpg\" data-elementor-open-lightbox=\"yes\" data-elementor-lightbox-slideshow=\"b2c4425\" data-elementor-lightbox-title=\"quatier56-bilder-019\" data-e-action-hash=\"#elementor-action%3Aaction%3Dlightbox%26settings%3DeyJpZCI6NDM1LCJ1cmwiOiJodHRwczpcL1wvd3d3LnF1YXJ0aWVyNTYuY29tXC93cC1jb250ZW50XC91cGxvYWRzXC8yMDIyXC8xMVwvcXVhdGllcjU2LWJpbGRlci0wMTkuanBnIiwic2xpZGVzaG93IjoiYjJjNDQyNSJ9\">\n\t\t\t\t\t<div class=\"e-gallery-image elementor-gallery-item__image\" data-thumbnail=\"https:\/\/www.quartier56.com\/wp-content\/uploads\/2022\/11\/quatier56-bilder-019.jpg\" data-width=\"2300\" data-height=\"1533\" aria-label=\"\" role=\"img\" ><\/div>\n\t\t\t\t\t\t\t\t\t\t\t<div class=\"elementor-gallery-item__overlay\"><\/div>\n\t\t\t\t\t\t\t\t\t\t\t\t\t\t<\/a>\n\t\t\t\t\t\t\t<a class=\"e-gallery-item elementor-gallery-item elementor-animated-content\" href=\"https:\/\/www.quartier56.com\/wp-content\/uploads\/2022\/11\/quatier56-bilder-022-scaled.jpg\" data-elementor-open-lightbox=\"yes\" data-elementor-lightbox-slideshow=\"b2c4425\" data-elementor-lightbox-title=\"quatier56-bilder-022\" data-e-action-hash=\"#elementor-action%3Aaction%3Dlightbox%26settings%3DeyJpZCI6NDM4LCJ1cmwiOiJodHRwczpcL1wvd3d3LnF1YXJ0aWVyNTYuY29tXC93cC1jb250ZW50XC91cGxvYWRzXC8yMDIyXC8xMVwvcXVhdGllcjU2LWJpbGRlci0wMjItc2NhbGVkLmpwZyIsInNsaWRlc2hvdyI6ImIyYzQ0MjUifQ%3D%3D\">\n\t\t\t\t\t<div class=\"e-gallery-image elementor-gallery-item__image\" data-thumbnail=\"https:\/\/www.quartier56.com\/wp-content\/uploads\/2022\/11\/quatier56-bilder-022-scaled.jpg\" data-width=\"1707\" data-height=\"2560\" aria-label=\"\" role=\"img\" ><\/div>\n\t\t\t\t\t\t\t\t\t\t\t<div class=\"elementor-gallery-item__overlay\"><\/div>\n\t\t\t\t\t\t\t\t\t\t\t\t\t\t<\/a>\n\t\t\t\t\t\t\t<a class=\"e-gallery-item elementor-gallery-item elementor-animated-content\" href=\"https:\/\/www.quartier56.com\/wp-content\/uploads\/2022\/11\/quatier56-bilder-020-scaled.jpg\" data-elementor-open-lightbox=\"yes\" data-elementor-lightbox-slideshow=\"b2c4425\" data-elementor-lightbox-title=\"quatier56-bilder-020\" data-e-action-hash=\"#elementor-action%3Aaction%3Dlightbox%26settings%3DeyJpZCI6NDM2LCJ1cmwiOiJodHRwczpcL1wvd3d3LnF1YXJ0aWVyNTYuY29tXC93cC1jb250ZW50XC91cGxvYWRzXC8yMDIyXC8xMVwvcXVhdGllcjU2LWJpbGRlci0wMjAtc2NhbGVkLmpwZyIsInNsaWRlc2hvdyI6ImIyYzQ0MjUifQ%3D%3D\">\n\t\t\t\t\t<div class=\"e-gallery-image elementor-gallery-item__image\" data-thumbnail=\"https:\/\/www.quartier56.com\/wp-content\/uploads\/2022\/11\/quatier56-bilder-020-scaled.jpg\" data-width=\"1846\" data-height=\"2560\" aria-label=\"\" role=\"img\" ><\/div>\n\t\t\t\t\t\t\t\t\t\t\t<div class=\"elementor-gallery-item__overlay\"><\/div>\n\t\t\t\t\t\t\t\t\t\t\t\t\t\t<\/a>\n\t\t\t\t\t\t\t<a class=\"e-gallery-item elementor-gallery-item elementor-animated-content\" href=\"https:\/\/www.quartier56.com\/wp-content\/uploads\/2022\/11\/quatier56-bilder-018-scaled.jpg\" data-elementor-open-lightbox=\"yes\" data-elementor-lightbox-slideshow=\"b2c4425\" data-elementor-lightbox-title=\"quatier56-bilder-018\" data-e-action-hash=\"#elementor-action%3Aaction%3Dlightbox%26settings%3DeyJpZCI6NDM0LCJ1cmwiOiJodHRwczpcL1wvd3d3LnF1YXJ0aWVyNTYuY29tXC93cC1jb250ZW50XC91cGxvYWRzXC8yMDIyXC8xMVwvcXVhdGllcjU2LWJpbGRlci0wMTgtc2NhbGVkLmpwZyIsInNsaWRlc2hvdyI6ImIyYzQ0MjUifQ%3D%3D\">\n\t\t\t\t\t<div class=\"e-gallery-image elementor-gallery-item__image\" data-thumbnail=\"https:\/\/www.quartier56.com\/wp-content\/uploads\/2022\/11\/quatier56-bilder-018-scaled.jpg\" data-width=\"1707\" data-height=\"2560\" aria-label=\"\" role=\"img\" ><\/div>\n\t\t\t\t\t\t\t\t\t\t\t<div class=\"elementor-gallery-item__overlay\"><\/div>\n\t\t\t\t\t\t\t\t\t\t\t\t\t\t<\/a>\n\t\t\t\t\t<\/div>\n\t\t\t\t\t<\/div>\n\t\t\t\t<\/div>\n\t\t\t\t\t<\/div>\n\t\t<\/div>\n\t\t\t\t\t<\/div>\n\t\t<\/section>\n\t\t\t\t<\/div>","protected":false},"excerpt":{"rendered":"<p>Je 4 &#8211; 8 einzeln abschlie\u00dfbare Zimmer bilden eine Wohngruppe, die sich K\u00fcche, Bad und Toiletten teilt. Die K\u00fcchen sind offen und gro\u00dfz\u00fcgig gestaltet und mit K\u00fchlschrank, Sp\u00fclbecken, Herd mit Backofen, Dunstabzugshaube und Vorratsschr\u00e4nken ausgestattet. Zu den Zimmern<\/p>","protected":false},"author":1,"featured_media":0,"parent":0,"menu_order":0,"comment_status":"closed","ping_status":"closed","template":"elementor_header_footer","meta":{"_acf_changed":false,"footnotes":""},"class_list":["post-140","page","type-page","status-publish","hentry"],"acf":[],"_links":{"self":[{"href":"https:\/\/www.quartier56.com\/en\/wp-json\/wp\/v2\/pages\/140","targetHints":{"allow":["GET"]}}],"collection":[{"href":"https:\/\/www.quartier56.com\/en\/wp-json\/wp\/v2\/pages"}],"about":[{"href":"https:\/\/www.quartier56.com\/en\/wp-json\/wp\/v2\/types\/page"}],"author":[{"embeddable":true,"href":"https:\/\/www.quartier56.com\/en\/wp-json\/wp\/v2\/users\/1"}],"replies":[{"embeddable":true,"href":"https:\/\/www.quartier56.com\/en\/wp-json\/wp\/v2\/comments?post=140"}],"version-history":[{"count":10,"href":"https:\/\/www.quartier56.com\/en\/wp-json\/wp\/v2\/pages\/140\/revisions"}],"predecessor-version":[{"id":1101,"href":"https:\/\/www.quartier56.com\/en\/wp-json\/wp\/v2\/pages\/140\/revisions\/1101"}],"wp:attachment":[{"href":"https:\/\/www.quartier56.com\/en\/wp-json\/wp\/v2\/media?parent=140"}],"curies":[{"name":"wp","href":"https:\/\/api.w.org\/{rel}","templated":true}]}}