{"id":136,"date":"2022-10-12T09:56:40","date_gmt":"2022-10-12T09:56:40","guid":{"rendered":"https:\/\/www.quartier56.com\/?page_id=136"},"modified":"2023-01-13T10:24:44","modified_gmt":"2023-01-13T10:24:44","slug":"studentenwohnheim","status":"publish","type":"page","link":"https:\/\/www.quartier56.com\/en\/studentenwohnheim\/","title":{"rendered":"Student Residence"},"content":{"rendered":"<div data-elementor-type=\"wp-page\" data-elementor-id=\"136\" class=\"elementor elementor-136\" data-elementor-settings=\"{&quot;ha_cmc_init_switcher&quot;:&quot;no&quot;}\" data-elementor-post-type=\"page\">\n\t\t\t\t\t\t<section class=\"elementor-section elementor-top-section elementor-element elementor-element-8376d43 elementor-section-height-min-height elementor-section-items-bottom elementor-section-boxed elementor-section-height-default\" data-id=\"8376d43\" data-element_type=\"section\" data-settings=\"{&quot;background_background&quot;:&quot;classic&quot;,&quot;_ha_eqh_enable&quot;:false}\">\n\t\t\t\t\t\t<div class=\"elementor-container elementor-column-gap-default\">\n\t\t\t\t\t<div class=\"elementor-column elementor-col-100 elementor-top-column elementor-element elementor-element-28aabba\" data-id=\"28aabba\" data-element_type=\"column\">\n\t\t\t<div class=\"elementor-widget-wrap\">\n\t\t\t\t\t\t\t<\/div>\n\t\t<\/div>\n\t\t\t\t\t<\/div>\n\t\t<\/section>\n\t\t\t\t<section class=\"elementor-section elementor-top-section elementor-element elementor-element-330bc03 elementor-section-content-middle elementor-section-boxed elementor-section-height-default elementor-section-height-default\" data-id=\"330bc03\" data-element_type=\"section\" data-settings=\"{&quot;_ha_eqh_enable&quot;:false}\">\n\t\t\t\t\t\t<div class=\"elementor-container elementor-column-gap-wider\">\n\t\t\t\t\t<div class=\"elementor-column elementor-col-50 elementor-top-column elementor-element elementor-element-7fb21c9\" data-id=\"7fb21c9\" data-element_type=\"column\">\n\t\t\t<div class=\"elementor-widget-wrap elementor-element-populated\">\n\t\t\t\t\t\t<div class=\"elementor-element elementor-element-2433a8d elementor-widget elementor-widget-heading\" data-id=\"2433a8d\" data-element_type=\"widget\" data-widget_type=\"heading.default\">\n\t\t\t\t<div class=\"elementor-widget-container\">\n\t\t\t\t\t<h1 class=\"elementor-heading-title elementor-size-default\">Student Residence<\/h1>\t\t\t\t<\/div>\n\t\t\t\t<\/div>\n\t\t\t\t<div class=\"elementor-element elementor-element-04ea4eb elementor-widget elementor-widget-text-editor\" data-id=\"04ea4eb\" data-element_type=\"widget\" data-widget_type=\"text-editor.default\">\n\t\t\t\t<div class=\"elementor-widget-container\">\n\t\t\t\t\t\t\t\t\t<p>The dorm Quartier56 is a private property, located in the urban surrounding of Dieburg with a 5 minute walk to the Dieburg Campus, operated by the Hochschule Darmstadt.<\/p><p>The 113 rooms are located at four different floors. All single rooms belong to small groups with 4 \u2013 8 rooms. The bathroom\/restroom as well as the kitchen are shared by all members of the group. The open and friendly kitchen is equipped with fridges, cooker and oven, exhaust hood as well as cupboards for the personal belongings.<\/p><p class=\"translation-block\">The internet-access via W-LAN @ Quartier56 is free of charge. Additionally Quartier56 offers a bicycle-room as well as a room with washing machines and dryers (with costs).\n<br \/><br \/>\nDarmstadt city as well as the campus of Hochschule Darmstadt and TU Darmstadt can be reached by public transportation within approximately 45 minutes. The bus station is located on the street next to Quartier56<\/p>\t\t\t\t\t\t\t\t<\/div>\n\t\t\t\t<\/div>\n\t\t\t\t\t<\/div>\n\t\t<\/div>\n\t\t\t\t<div class=\"elementor-column elementor-col-50 elementor-top-column elementor-element elementor-element-d000dfb\" data-id=\"d000dfb\" data-element_type=\"column\">\n\t\t\t<div class=\"elementor-widget-wrap elementor-element-populated\">\n\t\t\t\t\t\t<div class=\"elementor-element elementor-element-493d8a3 elementor-widget elementor-widget-image\" data-id=\"493d8a3\" data-element_type=\"widget\" data-widget_type=\"image.default\">\n\t\t\t\t<div class=\"elementor-widget-container\">\n\t\t\t\t\t\t\t\t\t\t\t\t\t\t\t<img fetchpriority=\"high\" decoding=\"async\" width=\"2300\" height=\"1533\" src=\"https:\/\/www.quartier56.com\/wp-content\/uploads\/2022\/11\/quatier56-bilder-031.jpg\" class=\"attachment-full size-full wp-image-448\" alt=\"\" srcset=\"https:\/\/www.quartier56.com\/wp-content\/uploads\/2022\/11\/quatier56-bilder-031.jpg 2300w, https:\/\/www.quartier56.com\/wp-content\/uploads\/2022\/11\/quatier56-bilder-031-600x400.jpg 600w, https:\/\/www.quartier56.com\/wp-content\/uploads\/2022\/11\/quatier56-bilder-031-300x200.jpg 300w, https:\/\/www.quartier56.com\/wp-content\/uploads\/2022\/11\/quatier56-bilder-031-1024x683.jpg 1024w, https:\/\/www.quartier56.com\/wp-content\/uploads\/2022\/11\/quatier56-bilder-031-768x512.jpg 768w, https:\/\/www.quartier56.com\/wp-content\/uploads\/2022\/11\/quatier56-bilder-031-1536x1024.jpg 1536w, https:\/\/www.quartier56.com\/wp-content\/uploads\/2022\/11\/quatier56-bilder-031-2048x1365.jpg 2048w\" sizes=\"(max-width: 2300px) 100vw, 2300px\" \/>\t\t\t\t\t\t\t\t\t\t\t\t\t\t\t<\/div>\n\t\t\t\t<\/div>\n\t\t\t\t\t<\/div>\n\t\t<\/div>\n\t\t\t\t\t<\/div>\n\t\t<\/section>\n\t\t\t\t<section class=\"elementor-section elementor-top-section elementor-element elementor-element-3e8b9a4 elementor-section-boxed elementor-section-height-default elementor-section-height-default\" data-id=\"3e8b9a4\" data-element_type=\"section\" data-settings=\"{&quot;background_background&quot;:&quot;classic&quot;,&quot;_ha_eqh_enable&quot;:false}\">\n\t\t\t\t\t\t<div class=\"elementor-container elementor-column-gap-wider\">\n\t\t\t\t\t<div class=\"elementor-column elementor-col-100 elementor-top-column elementor-element elementor-element-fa96ed5\" data-id=\"fa96ed5\" data-element_type=\"column\">\n\t\t\t<div class=\"elementor-widget-wrap elementor-element-populated\">\n\t\t\t\t\t\t<div class=\"elementor-element elementor-element-5b91834 elementor-widget elementor-widget-ha-justified-gallery happy-addon ha-justified-gallery\" data-id=\"5b91834\" data-element_type=\"widget\" data-settings=\"{&quot;row_height&quot;:{&quot;unit&quot;:&quot;px&quot;,&quot;size&quot;:169,&quot;sizes&quot;:[]},&quot;margins&quot;:{&quot;unit&quot;:&quot;px&quot;,&quot;size&quot;:10,&quot;sizes&quot;:[]},&quot;last_row&quot;:&quot;justify&quot;,&quot;enable_popup&quot;:&quot;yes&quot;}\" data-widget_type=\"ha-justified-gallery.default\">\n\t\t\t\t<div class=\"elementor-widget-container\">\n\t\t\t\t\t\n\t\t<div class=\"ha-justified-grid__wrap hajs-justified-grid\">\n\t\t\t\t\t\t\t<a href=\"#\" data-mfp-src=\"https:\/\/www.quartier56.com\/wp-content\/uploads\/2022\/11\/quatier56-bilder-024.jpg\" class=\"ha-justified-grid__item ha-js-lightbox __fltr-1\" title=\"\">\n\t\t\t\t\t<img decoding=\"async\" width=\"2300\" height=\"1533\" src=\"https:\/\/www.quartier56.com\/wp-content\/uploads\/2022\/11\/quatier56-bilder-024.jpg\" class=\"elementor-animation-grow\" alt=\"\" srcset=\"https:\/\/www.quartier56.com\/wp-content\/uploads\/2022\/11\/quatier56-bilder-024.jpg 2300w, https:\/\/www.quartier56.com\/wp-content\/uploads\/2022\/11\/quatier56-bilder-024-600x400.jpg 600w, https:\/\/www.quartier56.com\/wp-content\/uploads\/2022\/11\/quatier56-bilder-024-300x200.jpg 300w, https:\/\/www.quartier56.com\/wp-content\/uploads\/2022\/11\/quatier56-bilder-024-1024x683.jpg 1024w, https:\/\/www.quartier56.com\/wp-content\/uploads\/2022\/11\/quatier56-bilder-024-768x512.jpg 768w, https:\/\/www.quartier56.com\/wp-content\/uploads\/2022\/11\/quatier56-bilder-024-1536x1024.jpg 1536w, https:\/\/www.quartier56.com\/wp-content\/uploads\/2022\/11\/quatier56-bilder-024-2048x1365.jpg 2048w\" sizes=\"(max-width: 2300px) 100vw, 2300px\" \/>\t\t\t\t<\/a>\n\t\t\t\t\t\t\t<a href=\"#\" data-mfp-src=\"https:\/\/www.quartier56.com\/wp-content\/uploads\/2022\/11\/quatier56-bilder-029.jpg\" class=\"ha-justified-grid__item ha-js-lightbox __fltr-1\" title=\"\">\n\t\t\t\t\t<img decoding=\"async\" width=\"2300\" height=\"1532\" src=\"https:\/\/www.quartier56.com\/wp-content\/uploads\/2022\/11\/quatier56-bilder-029.jpg\" class=\"elementor-animation-grow\" alt=\"\" srcset=\"https:\/\/www.quartier56.com\/wp-content\/uploads\/2022\/11\/quatier56-bilder-029.jpg 2300w, https:\/\/www.quartier56.com\/wp-content\/uploads\/2022\/11\/quatier56-bilder-029-600x400.jpg 600w, https:\/\/www.quartier56.com\/wp-content\/uploads\/2022\/11\/quatier56-bilder-029-300x200.jpg 300w, https:\/\/www.quartier56.com\/wp-content\/uploads\/2022\/11\/quatier56-bilder-029-1024x682.jpg 1024w, https:\/\/www.quartier56.com\/wp-content\/uploads\/2022\/11\/quatier56-bilder-029-768x512.jpg 768w, https:\/\/www.quartier56.com\/wp-content\/uploads\/2022\/11\/quatier56-bilder-029-1536x1023.jpg 1536w, https:\/\/www.quartier56.com\/wp-content\/uploads\/2022\/11\/quatier56-bilder-029-2048x1364.jpg 2048w\" sizes=\"(max-width: 2300px) 100vw, 2300px\" \/>\t\t\t\t<\/a>\n\t\t\t\t\t\t\t<a href=\"#\" data-mfp-src=\"https:\/\/www.quartier56.com\/wp-content\/uploads\/2022\/11\/quatier56-bilder-030.jpg\" class=\"ha-justified-grid__item ha-js-lightbox __fltr-1\" title=\"\">\n\t\t\t\t\t<img loading=\"lazy\" decoding=\"async\" width=\"2300\" height=\"1533\" src=\"https:\/\/www.quartier56.com\/wp-content\/uploads\/2022\/11\/quatier56-bilder-030.jpg\" class=\"elementor-animation-grow\" alt=\"\" srcset=\"https:\/\/www.quartier56.com\/wp-content\/uploads\/2022\/11\/quatier56-bilder-030.jpg 2300w, https:\/\/www.quartier56.com\/wp-content\/uploads\/2022\/11\/quatier56-bilder-030-600x400.jpg 600w, https:\/\/www.quartier56.com\/wp-content\/uploads\/2022\/11\/quatier56-bilder-030-300x200.jpg 300w, https:\/\/www.quartier56.com\/wp-content\/uploads\/2022\/11\/quatier56-bilder-030-1024x683.jpg 1024w, https:\/\/www.quartier56.com\/wp-content\/uploads\/2022\/11\/quatier56-bilder-030-768x512.jpg 768w, https:\/\/www.quartier56.com\/wp-content\/uploads\/2022\/11\/quatier56-bilder-030-1536x1024.jpg 1536w, https:\/\/www.quartier56.com\/wp-content\/uploads\/2022\/11\/quatier56-bilder-030-2048x1365.jpg 2048w\" sizes=\"(max-width: 2300px) 100vw, 2300px\" \/>\t\t\t\t<\/a>\n\t\t\t\t\t\t\t<a href=\"#\" data-mfp-src=\"https:\/\/www.quartier56.com\/wp-content\/uploads\/2022\/11\/quatier56-bilder-032-scaled.jpg\" class=\"ha-justified-grid__item ha-js-lightbox __fltr-1\" title=\"\">\n\t\t\t\t\t<img loading=\"lazy\" decoding=\"async\" width=\"1707\" height=\"2560\" src=\"https:\/\/www.quartier56.com\/wp-content\/uploads\/2022\/11\/quatier56-bilder-032-scaled.jpg\" class=\"elementor-animation-grow\" alt=\"\" srcset=\"https:\/\/www.quartier56.com\/wp-content\/uploads\/2022\/11\/quatier56-bilder-032-scaled.jpg 1707w, https:\/\/www.quartier56.com\/wp-content\/uploads\/2022\/11\/quatier56-bilder-032-scaled-600x900.jpg 600w, https:\/\/www.quartier56.com\/wp-content\/uploads\/2022\/11\/quatier56-bilder-032-200x300.jpg 200w, https:\/\/www.quartier56.com\/wp-content\/uploads\/2022\/11\/quatier56-bilder-032-683x1024.jpg 683w, https:\/\/www.quartier56.com\/wp-content\/uploads\/2022\/11\/quatier56-bilder-032-768x1152.jpg 768w, https:\/\/www.quartier56.com\/wp-content\/uploads\/2022\/11\/quatier56-bilder-032-1024x1536.jpg 1024w, https:\/\/www.quartier56.com\/wp-content\/uploads\/2022\/11\/quatier56-bilder-032-1365x2048.jpg 1365w\" sizes=\"(max-width: 1707px) 100vw, 1707px\" \/>\t\t\t\t<\/a>\n\t\t\t\t\t\t\t<a href=\"#\" data-mfp-src=\"https:\/\/www.quartier56.com\/wp-content\/uploads\/2022\/11\/quatier56-bilder-033.jpg\" class=\"ha-justified-grid__item ha-js-lightbox __fltr-1\" title=\"\">\n\t\t\t\t\t<img loading=\"lazy\" decoding=\"async\" width=\"2300\" height=\"1533\" src=\"https:\/\/www.quartier56.com\/wp-content\/uploads\/2022\/11\/quatier56-bilder-033.jpg\" class=\"elementor-animation-grow\" alt=\"\" srcset=\"https:\/\/www.quartier56.com\/wp-content\/uploads\/2022\/11\/quatier56-bilder-033.jpg 2300w, https:\/\/www.quartier56.com\/wp-content\/uploads\/2022\/11\/quatier56-bilder-033-600x400.jpg 600w, https:\/\/www.quartier56.com\/wp-content\/uploads\/2022\/11\/quatier56-bilder-033-300x200.jpg 300w, https:\/\/www.quartier56.com\/wp-content\/uploads\/2022\/11\/quatier56-bilder-033-1024x683.jpg 1024w, https:\/\/www.quartier56.com\/wp-content\/uploads\/2022\/11\/quatier56-bilder-033-768x512.jpg 768w, https:\/\/www.quartier56.com\/wp-content\/uploads\/2022\/11\/quatier56-bilder-033-1536x1024.jpg 1536w, https:\/\/www.quartier56.com\/wp-content\/uploads\/2022\/11\/quatier56-bilder-033-2048x1365.jpg 2048w\" sizes=\"(max-width: 2300px) 100vw, 2300px\" \/>\t\t\t\t<\/a>\n\t\t\t\t\t\t\t<a href=\"#\" data-mfp-src=\"https:\/\/www.quartier56.com\/wp-content\/uploads\/2022\/11\/quatier56-bilder-028.jpg\" class=\"ha-justified-grid__item ha-js-lightbox __fltr-1\" title=\"\">\n\t\t\t\t\t<img loading=\"lazy\" decoding=\"async\" width=\"2300\" height=\"1533\" src=\"https:\/\/www.quartier56.com\/wp-content\/uploads\/2022\/11\/quatier56-bilder-028.jpg\" class=\"elementor-animation-grow\" alt=\"\" srcset=\"https:\/\/www.quartier56.com\/wp-content\/uploads\/2022\/11\/quatier56-bilder-028.jpg 2300w, https:\/\/www.quartier56.com\/wp-content\/uploads\/2022\/11\/quatier56-bilder-028-600x400.jpg 600w, https:\/\/www.quartier56.com\/wp-content\/uploads\/2022\/11\/quatier56-bilder-028-300x200.jpg 300w, https:\/\/www.quartier56.com\/wp-content\/uploads\/2022\/11\/quatier56-bilder-028-1024x683.jpg 1024w, https:\/\/www.quartier56.com\/wp-content\/uploads\/2022\/11\/quatier56-bilder-028-768x512.jpg 768w, https:\/\/www.quartier56.com\/wp-content\/uploads\/2022\/11\/quatier56-bilder-028-1536x1024.jpg 1536w, https:\/\/www.quartier56.com\/wp-content\/uploads\/2022\/11\/quatier56-bilder-028-2048x1365.jpg 2048w\" sizes=\"(max-width: 2300px) 100vw, 2300px\" \/>\t\t\t\t<\/a>\n\t\t\t\t\t\t\t<a href=\"#\" data-mfp-src=\"https:\/\/www.quartier56.com\/wp-content\/uploads\/2022\/11\/quatier56-bilder-012-scaled.jpg\" class=\"ha-justified-grid__item ha-js-lightbox __fltr-1\" title=\"\">\n\t\t\t\t\t<img loading=\"lazy\" decoding=\"async\" width=\"1707\" height=\"2560\" src=\"https:\/\/www.quartier56.com\/wp-content\/uploads\/2022\/11\/quatier56-bilder-012-scaled.jpg\" class=\"elementor-animation-grow\" alt=\"\" srcset=\"https:\/\/www.quartier56.com\/wp-content\/uploads\/2022\/11\/quatier56-bilder-012-scaled.jpg 1707w, https:\/\/www.quartier56.com\/wp-content\/uploads\/2022\/11\/quatier56-bilder-012-scaled-600x900.jpg 600w, https:\/\/www.quartier56.com\/wp-content\/uploads\/2022\/11\/quatier56-bilder-012-200x300.jpg 200w, https:\/\/www.quartier56.com\/wp-content\/uploads\/2022\/11\/quatier56-bilder-012-683x1024.jpg 683w, https:\/\/www.quartier56.com\/wp-content\/uploads\/2022\/11\/quatier56-bilder-012-768x1152.jpg 768w, https:\/\/www.quartier56.com\/wp-content\/uploads\/2022\/11\/quatier56-bilder-012-1024x1536.jpg 1024w, https:\/\/www.quartier56.com\/wp-content\/uploads\/2022\/11\/quatier56-bilder-012-1365x2048.jpg 1365w\" sizes=\"(max-width: 1707px) 100vw, 1707px\" \/>\t\t\t\t<\/a>\n\t\t\t\t\t<\/div>\n\n\t\t\t\t\t\t<\/div>\n\t\t\t\t<\/div>\n\t\t\t\t\t<\/div>\n\t\t<\/div>\n\t\t\t\t\t<\/div>\n\t\t<\/section>\n\t\t\t\t<\/div>","protected":false},"excerpt":{"rendered":"<p>Das Studentenwohnheim Quartier56 ist ein privates Wohnheim, im Gr\u00fcnen gelegen und doch nur 5 Gehminuten vom Campus Dieburg der Hochschule Darmstadt entfernt. Die 113 Wohneinheiten sind auf vier Etagen verteilt. Je 4 &#8211; 8 einzeln abschlie\u00dfbare Zimmer bilden eine Wohngruppe, die sich K\u00fcche, Bad und Toiletten teilt. Die K\u00fcchen sind offen und gro\u00dfz\u00fcgig gestaltet und [&hellip;]<\/p>","protected":false},"author":1,"featured_media":0,"parent":0,"menu_order":0,"comment_status":"closed","ping_status":"closed","template":"elementor_header_footer","meta":{"_acf_changed":false,"footnotes":""},"class_list":["post-136","page","type-page","status-publish","hentry"],"acf":[],"_links":{"self":[{"href":"https:\/\/www.quartier56.com\/en\/wp-json\/wp\/v2\/pages\/136","targetHints":{"allow":["GET"]}}],"collection":[{"href":"https:\/\/www.quartier56.com\/en\/wp-json\/wp\/v2\/pages"}],"about":[{"href":"https:\/\/www.quartier56.com\/en\/wp-json\/wp\/v2\/types\/page"}],"author":[{"embeddable":true,"href":"https:\/\/www.quartier56.com\/en\/wp-json\/wp\/v2\/users\/1"}],"replies":[{"embeddable":true,"href":"https:\/\/www.quartier56.com\/en\/wp-json\/wp\/v2\/comments?post=136"}],"version-history":[{"count":10,"href":"https:\/\/www.quartier56.com\/en\/wp-json\/wp\/v2\/pages\/136\/revisions"}],"predecessor-version":[{"id":1089,"href":"https:\/\/www.quartier56.com\/en\/wp-json\/wp\/v2\/pages\/136\/revisions\/1089"}],"wp:attachment":[{"href":"https:\/\/www.quartier56.com\/en\/wp-json\/wp\/v2\/media?parent=136"}],"curies":[{"name":"wp","href":"https:\/\/api.w.org\/{rel}","templated":true}]}}